{"id":1538,"date":"2023-05-19T15:45:55","date_gmt":"2023-05-19T13:45:55","guid":{"rendered":"https:\/\/provendor.de\/provendor-code-of-conduct-for-suppliers\/"},"modified":"2026-01-19T15:34:35","modified_gmt":"2026-01-19T14:34:35","slug":"provendor-code-of-conduct-for-suppliers","status":"publish","type":"page","link":"https:\/\/provendor.de\/en\/provendor-code-of-conduct-for-suppliers\/","title":{"rendered":"Provendor Code of Conduct for Suppliers"},"content":{"rendered":"\n\n\t<p>\n<p><strong>Da unser allt\u00e4gliches Gesch\u00e4ft den Umgang mit Lieferanten beinhaltet liegt uns in diesem Fall eine gute Gesch\u00e4ftsbeziehung am Herzen.<\/strong><\/p>\n<p><\/p> \n<p>Daher haben wir die Provendor einen \u201eCode of Conduct&#8221; f\u00fcr unsere Lieferanten zusammengestellt. Dieser beinhaltet die Richtlinien und Vorgaben der IHK Bayern und bezieht sich auf wichtige Organisationen und Gesetze wie das Lieferkettensorgfaltspflichtengesetz LkSG und die Internationale Arbeitsorganisation ILO.<\/p>\n<p><\/p> \n<p>Dieser soll die Aufgabe erf\u00fcllen, dass jedes Unternehmen verantwortlich und respektvoll gegen\u00fcber seinen Mitarbeitern, der Umwelt und eines jeden handeln soll.<\/p>\n<p>\u00a0<\/p>\n<p><\/p> \n<p><strong>Als stetig wachsendes Unternehmen steigt auch die Verantwortung im \u00f6kologischen als auch im sozialen Bereich.<\/strong><\/p>\n<p>Daher muss eine ehrliche und vertrauliche Gesch\u00e4ftsbasis zwischen uns und unseren Lieferanten hergestellt werden. Als Richtwert und Basis dieser Zusammenarbeit gilt der Code of Conduct. <\/p>\n<p><\/p> \n<p><strong>Auch ist es wichtig die Beschwerden und Probleme nicht zu vernachl\u00e4ssigen, welche nat\u00fcrlich immer auftreten k\u00f6nnen.<\/strong><\/p>\n<p><\/p> \n<p>Daher haben f\u00fcr diese genaue Kategorie eine Beschwerdemail eingerichtet. Somit hat man immer die M\u00f6glichkeit uns in diesem Bereich zu kontaktieren. Auch behandeln und bearbeiten wir jede eingehende Beschwerde mit Ernsthaftigkeit und vollster Hingabe um sicher zu gehen, dass auch jedes Anliegen gel\u00f6st wird.<\/p>\n<p><\/p> \n<p>Die E-Mail-Adresse f\u00fcr Beschwerden und Probleme lautet<\/p>\n<p>\u00a0<\/p>\n<p><a href=\"mailto:complaint@provendor.de\" target=\"_blank\" rel=\"noreferrer noopener\">complaint@provendor.de<\/a><\/p>\n<p><\/p><\/p>\n<h5>\n\t\t<a href=\"https:\/\/provendor.de\/wp-content\/uploads\/2023\/05\/Code-of-Conduct-fuer-den-Lieferanten.pdf\" title=\"Code of Conduct f\u00fcr Lieferanten.pdf\" target=\"_blank\" rel=\"noopener\">\n\t\tCode of Conduct f\u00fcr Lieferanten.pdf\n\t\t<\/a>\n\t<\/h5>\n\t<a href=\"https:\/\/provendor.de\/wp-content\/uploads\/2023\/05\/Code-of-Conduct-fuer-den-Lieferanten.pdf\" target=\"_self\" role=\"button\" download=\"Code of Conduct f\u00fcr Lieferanten.pdf\" aria-label=\"Download\" rel=\"noopener\">\n\t\t\t\t\t\tDownload\n\t\t\t\t\t<\/a>\n<h5>\n\t\t<a href=\"https:\/\/provendor.de\/wp-content\/uploads\/2023\/05\/Code-of-Conduct-for-supplier.pdf\" title=\"Code of Conduct for supplier.pdf\" target=\"_blank\" rel=\"noopener\">\n\t\tCode of Conduct for supplier.pdf\n\t\t<\/a>\n\t<\/h5>\n\t<a href=\"https:\/\/provendor.de\/wp-content\/uploads\/2023\/05\/Code-of-Conduct-for-supplier.pdf\" target=\"_self\" role=\"button\" download=\"Code of Conduct for supplier.pdf\" aria-label=\"Download\" rel=\"noopener\">\n\t\t\t\t\t\tDownload\n\t\t\t\t\t<\/a>\n\n","protected":false},"excerpt":{"rendered":"<p>Da unser allt\u00e4gliches Gesch\u00e4ft den Umgang mit Lieferanten beinhaltet liegt uns in diesem Fall eine gute Gesch\u00e4ftsbeziehung am Herzen. Daher haben wir die Provendor einen \u201eCode of Conduct&#8221; f\u00fcr unsere Lieferanten zusammengestellt. Dieser beinhaltet die Richtlinien und Vorgaben der IHK Bayern und bezieht sich auf wichtige Organisationen und Gesetze wie das Lieferkettensorgfaltspflichtengesetz LkSG und die&hellip;<\/p>\n","protected":false},"author":1,"featured_media":0,"parent":0,"menu_order":0,"comment_status":"closed","ping_status":"closed","template":"","meta":{"_acf_changed":false,"footnotes":""},"class_list":["post-1538","page","type-page","status-publish","hentry"],"acf":[],"_links":{"self":[{"href":"https:\/\/provendor.de\/en\/wp-json\/wp\/v2\/pages\/1538","targetHints":{"allow":["GET"]}}],"collection":[{"href":"https:\/\/provendor.de\/en\/wp-json\/wp\/v2\/pages"}],"about":[{"href":"https:\/\/provendor.de\/en\/wp-json\/wp\/v2\/types\/page"}],"author":[{"embeddable":true,"href":"https:\/\/provendor.de\/en\/wp-json\/wp\/v2\/users\/1"}],"replies":[{"embeddable":true,"href":"https:\/\/provendor.de\/en\/wp-json\/wp\/v2\/comments?post=1538"}],"version-history":[{"count":2,"href":"https:\/\/provendor.de\/en\/wp-json\/wp\/v2\/pages\/1538\/revisions"}],"predecessor-version":[{"id":2521,"href":"https:\/\/provendor.de\/en\/wp-json\/wp\/v2\/pages\/1538\/revisions\/2521"}],"wp:attachment":[{"href":"https:\/\/provendor.de\/en\/wp-json\/wp\/v2\/media?parent=1538"}],"curies":[{"name":"wp","href":"https:\/\/api.w.org\/{rel}","templated":true}]}}